{"id":1008,"date":"2022-03-07T07:31:35","date_gmt":"2022-03-07T07:31:35","guid":{"rendered":"https:\/\/sanfranciscoprivatetours.us\/fr\/?post_type=product&#038;p=1008"},"modified":"2022-03-17T09:18:44","modified_gmt":"2022-03-17T09:18:44","slug":"visite-demi-journee","status":"publish","type":"product","link":"https:\/\/sanfranciscoprivatetours.us\/fr\/visite-demi-journee\/","title":{"rendered":"Excursion et visite d&#8217;une demi-journ\u00e9e de San Francisco"},"content":{"rendered":"","protected":false},"excerpt":{"rendered":"","protected":false},"featured_media":0,"comment_status":"open","ping_status":"closed","template":"","meta":[],"product_cat":[33],"product_tag":[],"class_list":["post-1008","product","type-product","status-publish","hentry","product_cat-private-custom-tour"],"yoast_head":"<!-- This site is optimized with the Yoast SEO plugin v18.1 - https:\/\/yoast.com\/wordpress\/plugins\/seo\/ -->\n<title>Excursion et visite d&#039;une demi-journ\u00e9e de San Francisco<\/title>\n<meta name=\"description\" content=\"Visite guid\u00e9e d&#039;une demi-journ\u00e9e en Francias des quartiers de San Francisco - excursion priv\u00e9e sur mesure et en voiture deluxe.\" \/>\n<meta name=\"robots\" content=\"index, follow, max-snippet:-1, max-image-preview:large, max-video-preview:-1\" \/>\n<link rel=\"canonical\" href=\"https:\/\/sanfranciscoprivatetours.us\/fr\/visite-demi-journee\/\" \/>\n<meta property=\"og:locale\" content=\"en_US\" \/>\n<meta property=\"og:type\" content=\"article\" \/>\n<meta property=\"og:title\" content=\"Excursion et visite d&#039;une demi-journ\u00e9e de San Francisco\" \/>\n<meta property=\"og:description\" content=\"Visite guid\u00e9e d&#039;une demi-journ\u00e9e en Francias des quartiers de San Francisco - excursion priv\u00e9e sur mesure et en voiture deluxe.\" \/>\n<meta property=\"og:url\" content=\"https:\/\/sanfranciscoprivatetours.us\/fr\/visite-demi-journee\/\" \/>\n<meta property=\"og:site_name\" content=\"San Francisco Private Tour Specialist\" \/>\n<meta property=\"article:modified_time\" content=\"2022-03-17T09:18:44+00:00\" \/>\n<meta name=\"twitter:card\" content=\"summary_large_image\" \/>\n<script type=\"application\/ld+json\" class=\"yoast-schema-graph\">{\"@context\":\"https:\/\/schema.org\",\"@graph\":[{\"@type\":\"WebSite\",\"@id\":\"https:\/\/sanfranciscoprivatetours.us\/fr\/#website\",\"url\":\"https:\/\/sanfranciscoprivatetours.us\/fr\/\",\"name\":\"San Francisco Private Tour Specialist\",\"description\":\"Just another WordPress site\",\"potentialAction\":[{\"@type\":\"SearchAction\",\"target\":{\"@type\":\"EntryPoint\",\"urlTemplate\":\"https:\/\/sanfranciscoprivatetours.us\/fr\/?s={search_term_string}\"},\"query-input\":\"required name=search_term_string\"}],\"inLanguage\":\"en-US\"},{\"@type\":\"WebPage\",\"@id\":\"https:\/\/sanfranciscoprivatetours.us\/fr\/visite-demi-journee\/#webpage\",\"url\":\"https:\/\/sanfranciscoprivatetours.us\/fr\/visite-demi-journee\/\",\"name\":\"Excursion et visite d'une demi-journ\u00e9e de San Francisco\",\"isPartOf\":{\"@id\":\"https:\/\/sanfranciscoprivatetours.us\/fr\/#website\"},\"datePublished\":\"2022-03-07T07:31:35+00:00\",\"dateModified\":\"2022-03-17T09:18:44+00:00\",\"description\":\"Visite guid\u00e9e d'une demi-journ\u00e9e en Francias des quartiers de San Francisco - excursion priv\u00e9e sur mesure et en voiture deluxe.\",\"breadcrumb\":{\"@id\":\"https:\/\/sanfranciscoprivatetours.us\/fr\/visite-demi-journee\/#breadcrumb\"},\"inLanguage\":\"en-US\",\"potentialAction\":[{\"@type\":\"ReadAction\",\"target\":[\"https:\/\/sanfranciscoprivatetours.us\/fr\/visite-demi-journee\/\"]}]},{\"@type\":\"BreadcrumbList\",\"@id\":\"https:\/\/sanfranciscoprivatetours.us\/fr\/visite-demi-journee\/#breadcrumb\",\"itemListElement\":[{\"@type\":\"ListItem\",\"position\":1,\"name\":\"Home\",\"item\":\"https:\/\/sanfranciscoprivatetours.us\/fr\/\"},{\"@type\":\"ListItem\",\"position\":2,\"name\":\"Shop\",\"item\":\"https:\/\/sanfranciscoprivatetours.us\/fr\/shop\/\"},{\"@type\":\"ListItem\",\"position\":3,\"name\":\"Excursion et visite d&#8217;une demi-journ\u00e9e de San Francisco\"}]}]}<\/script>\n<!-- \/ Yoast SEO plugin. -->","yoast_head_json":{"title":"Excursion et visite d'une demi-journ\u00e9e de San Francisco","description":"Visite guid\u00e9e d'une demi-journ\u00e9e en Francias des quartiers de San Francisco - excursion priv\u00e9e sur mesure et en voiture deluxe.","robots":{"index":"index","follow":"follow","max-snippet":"max-snippet:-1","max-image-preview":"max-image-preview:large","max-video-preview":"max-video-preview:-1"},"canonical":"https:\/\/sanfranciscoprivatetours.us\/fr\/visite-demi-journee\/","og_locale":"en_US","og_type":"article","og_title":"Excursion et visite d'une demi-journ\u00e9e de San Francisco","og_description":"Visite guid\u00e9e d'une demi-journ\u00e9e en Francias des quartiers de San Francisco - excursion priv\u00e9e sur mesure et en voiture deluxe.","og_url":"https:\/\/sanfranciscoprivatetours.us\/fr\/visite-demi-journee\/","og_site_name":"San Francisco Private Tour Specialist","article_modified_time":"2022-03-17T09:18:44+00:00","twitter_card":"summary_large_image","schema":{"@context":"https:\/\/schema.org","@graph":[{"@type":"WebSite","@id":"https:\/\/sanfranciscoprivatetours.us\/fr\/#website","url":"https:\/\/sanfranciscoprivatetours.us\/fr\/","name":"San Francisco Private Tour Specialist","description":"Just another WordPress site","potentialAction":[{"@type":"SearchAction","target":{"@type":"EntryPoint","urlTemplate":"https:\/\/sanfranciscoprivatetours.us\/fr\/?s={search_term_string}"},"query-input":"required name=search_term_string"}],"inLanguage":"en-US"},{"@type":"WebPage","@id":"https:\/\/sanfranciscoprivatetours.us\/fr\/visite-demi-journee\/#webpage","url":"https:\/\/sanfranciscoprivatetours.us\/fr\/visite-demi-journee\/","name":"Excursion et visite d'une demi-journ\u00e9e de San Francisco","isPartOf":{"@id":"https:\/\/sanfranciscoprivatetours.us\/fr\/#website"},"datePublished":"2022-03-07T07:31:35+00:00","dateModified":"2022-03-17T09:18:44+00:00","description":"Visite guid\u00e9e d'une demi-journ\u00e9e en Francias des quartiers de San Francisco - excursion priv\u00e9e sur mesure et en voiture deluxe.","breadcrumb":{"@id":"https:\/\/sanfranciscoprivatetours.us\/fr\/visite-demi-journee\/#breadcrumb"},"inLanguage":"en-US","potentialAction":[{"@type":"ReadAction","target":["https:\/\/sanfranciscoprivatetours.us\/fr\/visite-demi-journee\/"]}]},{"@type":"BreadcrumbList","@id":"https:\/\/sanfranciscoprivatetours.us\/fr\/visite-demi-journee\/#breadcrumb","itemListElement":[{"@type":"ListItem","position":1,"name":"Home","item":"https:\/\/sanfranciscoprivatetours.us\/fr\/"},{"@type":"ListItem","position":2,"name":"Shop","item":"https:\/\/sanfranciscoprivatetours.us\/fr\/shop\/"},{"@type":"ListItem","position":3,"name":"Excursion et visite d&#8217;une demi-journ\u00e9e de San Francisco"}]}]}},"acf":[],"_links":{"self":[{"href":"https:\/\/sanfranciscoprivatetours.us\/fr\/wp-json\/wp\/v2\/product\/1008","targetHints":{"allow":["GET"]}}],"collection":[{"href":"https:\/\/sanfranciscoprivatetours.us\/fr\/wp-json\/wp\/v2\/product"}],"about":[{"href":"https:\/\/sanfranciscoprivatetours.us\/fr\/wp-json\/wp\/v2\/types\/product"}],"replies":[{"embeddable":true,"href":"https:\/\/sanfranciscoprivatetours.us\/fr\/wp-json\/wp\/v2\/comments?post=1008"}],"wp:attachment":[{"href":"https:\/\/sanfranciscoprivatetours.us\/fr\/wp-json\/wp\/v2\/media?parent=1008"}],"wp:term":[{"taxonomy":"product_cat","embeddable":true,"href":"https:\/\/sanfranciscoprivatetours.us\/fr\/wp-json\/wp\/v2\/product_cat?post=1008"},{"taxonomy":"product_tag","embeddable":true,"href":"https:\/\/sanfranciscoprivatetours.us\/fr\/wp-json\/wp\/v2\/product_tag?post=1008"}],"curies":[{"name":"wp","href":"https:\/\/api.w.org\/{rel}","templated":true}]}}