{"id":1064,"date":"2022-03-09T04:56:42","date_gmt":"2022-03-09T04:56:42","guid":{"rendered":"https:\/\/sanfranciscoprivatetours.us\/fr\/?post_type=product&#038;p=1064"},"modified":"2024-11-03T18:11:11","modified_gmt":"2024-11-03T18:11:11","slug":"visiter-silicon-valley","status":"publish","type":"product","link":"https:\/\/sanfranciscoprivatetours.us\/fr\/visiter-silicon-valley\/","title":{"rendered":"Visites guid\u00e9es personnalis\u00e9es en fran\u00e7ais de la Silicon Valley au d\u00e9part de San Francisco, Palo Alto et San Jose en Californie"},"content":{"rendered":"","protected":false},"excerpt":{"rendered":"","protected":false},"featured_media":0,"comment_status":"open","ping_status":"closed","template":"","meta":[],"product_cat":[33],"product_tag":[],"class_list":["post-1064","product","type-product","status-publish","hentry","product_cat-private-custom-tour"],"yoast_head":"<!-- This site is optimized with the Yoast SEO plugin v18.1 - https:\/\/yoast.com\/wordpress\/plugins\/seo\/ -->\n<title>Visites guid\u00e9es personnalis\u00e9es en fran\u00e7ais de la Silicon Valley<\/title>\n<meta name=\"description\" content=\"D\u00e9couvrez les principales attractions de la Silicon Valley, ses sites embl\u00e9matiques et ses g\u00e9ants de la tech, apprenez-en davantage sur les technologies qui ont chang\u00e9 notre monde \u00e0 jamais.\" \/>\n<meta name=\"robots\" content=\"index, follow, max-snippet:-1, max-image-preview:large, max-video-preview:-1\" \/>\n<link rel=\"canonical\" href=\"https:\/\/sanfranciscoprivatetours.us\/fr\/visiter-silicon-valley\/\" \/>\n<meta property=\"og:locale\" content=\"en_US\" \/>\n<meta property=\"og:type\" content=\"article\" \/>\n<meta property=\"og:title\" content=\"Visites guid\u00e9es personnalis\u00e9es en fran\u00e7ais de la Silicon Valley\" \/>\n<meta property=\"og:description\" content=\"D\u00e9couvrez les principales attractions de la Silicon Valley, ses sites embl\u00e9matiques et ses g\u00e9ants de la tech, apprenez-en davantage sur les technologies qui ont chang\u00e9 notre monde \u00e0 jamais.\" \/>\n<meta property=\"og:url\" content=\"https:\/\/sanfranciscoprivatetours.us\/fr\/visiter-silicon-valley\/\" \/>\n<meta property=\"og:site_name\" content=\"San Francisco Private Tour Specialist\" \/>\n<meta property=\"article:modified_time\" content=\"2024-11-03T18:11:11+00:00\" \/>\n<meta name=\"twitter:card\" content=\"summary_large_image\" \/>\n<script type=\"application\/ld+json\" class=\"yoast-schema-graph\">{\"@context\":\"https:\/\/schema.org\",\"@graph\":[{\"@type\":\"WebSite\",\"@id\":\"https:\/\/sanfranciscoprivatetours.us\/fr\/#website\",\"url\":\"https:\/\/sanfranciscoprivatetours.us\/fr\/\",\"name\":\"San Francisco Private Tour Specialist\",\"description\":\"Just another WordPress site\",\"potentialAction\":[{\"@type\":\"SearchAction\",\"target\":{\"@type\":\"EntryPoint\",\"urlTemplate\":\"https:\/\/sanfranciscoprivatetours.us\/fr\/?s={search_term_string}\"},\"query-input\":\"required name=search_term_string\"}],\"inLanguage\":\"en-US\"},{\"@type\":\"WebPage\",\"@id\":\"https:\/\/sanfranciscoprivatetours.us\/fr\/visiter-silicon-valley\/#webpage\",\"url\":\"https:\/\/sanfranciscoprivatetours.us\/fr\/visiter-silicon-valley\/\",\"name\":\"Visites guid\u00e9es personnalis\u00e9es en fran\u00e7ais de la Silicon Valley\",\"isPartOf\":{\"@id\":\"https:\/\/sanfranciscoprivatetours.us\/fr\/#website\"},\"datePublished\":\"2022-03-09T04:56:42+00:00\",\"dateModified\":\"2024-11-03T18:11:11+00:00\",\"description\":\"D\u00e9couvrez les principales attractions de la Silicon Valley, ses sites embl\u00e9matiques et ses g\u00e9ants de la tech, apprenez-en davantage sur les technologies qui ont chang\u00e9 notre monde \u00e0 jamais.\",\"breadcrumb\":{\"@id\":\"https:\/\/sanfranciscoprivatetours.us\/fr\/visiter-silicon-valley\/#breadcrumb\"},\"inLanguage\":\"en-US\",\"potentialAction\":[{\"@type\":\"ReadAction\",\"target\":[\"https:\/\/sanfranciscoprivatetours.us\/fr\/visiter-silicon-valley\/\"]}]},{\"@type\":\"BreadcrumbList\",\"@id\":\"https:\/\/sanfranciscoprivatetours.us\/fr\/visiter-silicon-valley\/#breadcrumb\",\"itemListElement\":[{\"@type\":\"ListItem\",\"position\":1,\"name\":\"Home\",\"item\":\"https:\/\/sanfranciscoprivatetours.us\/fr\/\"},{\"@type\":\"ListItem\",\"position\":2,\"name\":\"Shop\",\"item\":\"https:\/\/sanfranciscoprivatetours.us\/fr\/shop\/\"},{\"@type\":\"ListItem\",\"position\":3,\"name\":\"Visites guid\u00e9es personnalis\u00e9es en fran\u00e7ais de la Silicon Valley au d\u00e9part de San Francisco, Palo Alto et San Jose en Californie\"}]}]}<\/script>\n<!-- \/ Yoast SEO plugin. -->","yoast_head_json":{"title":"Visites guid\u00e9es personnalis\u00e9es en fran\u00e7ais de la Silicon Valley","description":"D\u00e9couvrez les principales attractions de la Silicon Valley, ses sites embl\u00e9matiques et ses g\u00e9ants de la tech, apprenez-en davantage sur les technologies qui ont chang\u00e9 notre monde \u00e0 jamais.","robots":{"index":"index","follow":"follow","max-snippet":"max-snippet:-1","max-image-preview":"max-image-preview:large","max-video-preview":"max-video-preview:-1"},"canonical":"https:\/\/sanfranciscoprivatetours.us\/fr\/visiter-silicon-valley\/","og_locale":"en_US","og_type":"article","og_title":"Visites guid\u00e9es personnalis\u00e9es en fran\u00e7ais de la Silicon Valley","og_description":"D\u00e9couvrez les principales attractions de la Silicon Valley, ses sites embl\u00e9matiques et ses g\u00e9ants de la tech, apprenez-en davantage sur les technologies qui ont chang\u00e9 notre monde \u00e0 jamais.","og_url":"https:\/\/sanfranciscoprivatetours.us\/fr\/visiter-silicon-valley\/","og_site_name":"San Francisco Private Tour Specialist","article_modified_time":"2024-11-03T18:11:11+00:00","twitter_card":"summary_large_image","schema":{"@context":"https:\/\/schema.org","@graph":[{"@type":"WebSite","@id":"https:\/\/sanfranciscoprivatetours.us\/fr\/#website","url":"https:\/\/sanfranciscoprivatetours.us\/fr\/","name":"San Francisco Private Tour Specialist","description":"Just another WordPress site","potentialAction":[{"@type":"SearchAction","target":{"@type":"EntryPoint","urlTemplate":"https:\/\/sanfranciscoprivatetours.us\/fr\/?s={search_term_string}"},"query-input":"required name=search_term_string"}],"inLanguage":"en-US"},{"@type":"WebPage","@id":"https:\/\/sanfranciscoprivatetours.us\/fr\/visiter-silicon-valley\/#webpage","url":"https:\/\/sanfranciscoprivatetours.us\/fr\/visiter-silicon-valley\/","name":"Visites guid\u00e9es personnalis\u00e9es en fran\u00e7ais de la Silicon Valley","isPartOf":{"@id":"https:\/\/sanfranciscoprivatetours.us\/fr\/#website"},"datePublished":"2022-03-09T04:56:42+00:00","dateModified":"2024-11-03T18:11:11+00:00","description":"D\u00e9couvrez les principales attractions de la Silicon Valley, ses sites embl\u00e9matiques et ses g\u00e9ants de la tech, apprenez-en davantage sur les technologies qui ont chang\u00e9 notre monde \u00e0 jamais.","breadcrumb":{"@id":"https:\/\/sanfranciscoprivatetours.us\/fr\/visiter-silicon-valley\/#breadcrumb"},"inLanguage":"en-US","potentialAction":[{"@type":"ReadAction","target":["https:\/\/sanfranciscoprivatetours.us\/fr\/visiter-silicon-valley\/"]}]},{"@type":"BreadcrumbList","@id":"https:\/\/sanfranciscoprivatetours.us\/fr\/visiter-silicon-valley\/#breadcrumb","itemListElement":[{"@type":"ListItem","position":1,"name":"Home","item":"https:\/\/sanfranciscoprivatetours.us\/fr\/"},{"@type":"ListItem","position":2,"name":"Shop","item":"https:\/\/sanfranciscoprivatetours.us\/fr\/shop\/"},{"@type":"ListItem","position":3,"name":"Visites guid\u00e9es personnalis\u00e9es en fran\u00e7ais de la Silicon Valley au d\u00e9part de San Francisco, Palo Alto et San Jose en Californie"}]}]}},"acf":[],"_links":{"self":[{"href":"https:\/\/sanfranciscoprivatetours.us\/fr\/wp-json\/wp\/v2\/product\/1064","targetHints":{"allow":["GET"]}}],"collection":[{"href":"https:\/\/sanfranciscoprivatetours.us\/fr\/wp-json\/wp\/v2\/product"}],"about":[{"href":"https:\/\/sanfranciscoprivatetours.us\/fr\/wp-json\/wp\/v2\/types\/product"}],"replies":[{"embeddable":true,"href":"https:\/\/sanfranciscoprivatetours.us\/fr\/wp-json\/wp\/v2\/comments?post=1064"}],"wp:attachment":[{"href":"https:\/\/sanfranciscoprivatetours.us\/fr\/wp-json\/wp\/v2\/media?parent=1064"}],"wp:term":[{"taxonomy":"product_cat","embeddable":true,"href":"https:\/\/sanfranciscoprivatetours.us\/fr\/wp-json\/wp\/v2\/product_cat?post=1064"},{"taxonomy":"product_tag","embeddable":true,"href":"https:\/\/sanfranciscoprivatetours.us\/fr\/wp-json\/wp\/v2\/product_tag?post=1064"}],"curies":[{"name":"wp","href":"https:\/\/api.w.org\/{rel}","templated":true}]}}